{"id":3473,"date":"2026-01-28T10:03:09","date_gmt":"2026-01-28T09:03:09","guid":{"rendered":"https:\/\/piaceleradieux.com\/?post_type=product&#038;p=3473"},"modified":"2026-01-28T10:03:09","modified_gmt":"2026-01-28T09:03:09","slug":"alexios-tjoyas-talisman-du-cavalier-edition-illimitee","status":"publish","type":"product","link":"https:\/\/piaceleradieux.com\/en\/product\/alexios-tjoyas-talisman-du-cavalier-edition-illimitee\/","title":{"rendered":"Alexios Tjoyas, Talisman du cavalier (Edition illimit\u00e9e)"},"content":{"rendered":"","protected":false},"excerpt":{"rendered":"<p>Broche \u00e0 \u00e9pingler Edition illimit\u00e9e<\/p>","protected":false},"featured_media":3541,"template":"","meta":{"_acf_changed":false,"_kad_blocks_custom_css":"","_kad_blocks_head_custom_js":"","_kad_blocks_body_custom_js":"","_kad_blocks_footer_custom_js":"","_kad_post_transparent":"default","_kad_post_title":"","_kad_post_layout":"default","_kad_post_sidebar_id":"","_kad_post_content_style":"default","_kad_post_vertical_padding":"default","_kad_post_feature":"","_kad_post_feature_position":"","_kad_post_header":false,"_kad_post_footer":false,"_kad_post_classname":"","footnotes":""},"product_cat":[18],"product_tag":[],"class_list":{"0":"post-3473","1":"product","2":"type-product","3":"status-publish","4":"has-post-thumbnail","6":"product_cat-multiples","8":"first","9":"instock","10":"shipping-taxable","11":"purchasable","12":"product-type-simple","13":"entry","14":"content-bg","15":"loop-entry"},"acf":[],"taxonomy_info":{"product_cat":[{"value":18,"label":"Multiples"}]},"featured_image_src_large":["https:\/\/piaceleradieux.com\/wp-content\/uploads\/sites\/30\/2025\/09\/58049058_1101895313351308_2407451644695412736_n-1024x768.jpg",1024,768,true],"author_info":[],"comment_info":"","_links":{"self":[{"href":"https:\/\/piaceleradieux.com\/en\/wp-json\/wp\/v2\/product\/3473","targetHints":{"allow":["GET"]}}],"collection":[{"href":"https:\/\/piaceleradieux.com\/en\/wp-json\/wp\/v2\/product"}],"about":[{"href":"https:\/\/piaceleradieux.com\/en\/wp-json\/wp\/v2\/types\/product"}],"version-history":[{"count":1,"href":"https:\/\/piaceleradieux.com\/en\/wp-json\/wp\/v2\/product\/3473\/revisions"}],"predecessor-version":[{"id":3474,"href":"https:\/\/piaceleradieux.com\/en\/wp-json\/wp\/v2\/product\/3473\/revisions\/3474"}],"wp:featuredmedia":[{"embeddable":true,"href":"https:\/\/piaceleradieux.com\/en\/wp-json\/wp\/v2\/media\/3541"}],"wp:attachment":[{"href":"https:\/\/piaceleradieux.com\/en\/wp-json\/wp\/v2\/media?parent=3473"}],"wp:term":[{"taxonomy":"product_cat","embeddable":true,"href":"https:\/\/piaceleradieux.com\/en\/wp-json\/wp\/v2\/product_cat?post=3473"},{"taxonomy":"product_tag","embeddable":true,"href":"https:\/\/piaceleradieux.com\/en\/wp-json\/wp\/v2\/product_tag?post=3473"}],"curies":[{"name":"wp","href":"https:\/\/api.w.org\/{rel}","templated":true}]}}