{"id":3460,"date":"2026-01-28T10:03:09","date_gmt":"2026-01-28T09:03:09","guid":{"rendered":"https:\/\/piaceleradieux.com\/?post_type=product&#038;p=3460"},"modified":"2026-01-28T10:03:09","modified_gmt":"2026-01-28T09:03:09","slug":"alma-charry-land-3","status":"publish","type":"product","link":"https:\/\/piaceleradieux.com\/en\/product\/alma-charry-land-3\/","title":{"rendered":"Alma Charry, Land 3"},"content":{"rendered":"","protected":false},"excerpt":{"rendered":"<p>Poster format Double A0 (120\u00d7160), impression encre mate sur papier 190 g<br \/>\n7 exemplaires sign\u00e9s et num\u00e9rot\u00e9s + 1 \u00e9preuve d\u2019artiste<\/p>","protected":false},"featured_media":4090,"template":"","meta":{"_acf_changed":false,"_kad_blocks_custom_css":"","_kad_blocks_head_custom_js":"","_kad_blocks_body_custom_js":"","_kad_blocks_footer_custom_js":"","_kad_post_transparent":"default","_kad_post_title":"","_kad_post_layout":"default","_kad_post_sidebar_id":"","_kad_post_content_style":"default","_kad_post_vertical_padding":"default","_kad_post_feature":"","_kad_post_feature_position":"","_kad_post_header":false,"_kad_post_footer":false,"_kad_post_classname":"","footnotes":""},"product_cat":[18],"product_tag":[],"class_list":{"0":"post-3460","1":"product","2":"type-product","3":"status-publish","4":"has-post-thumbnail","6":"product_cat-multiples","8":"first","9":"instock","10":"shipping-taxable","11":"purchasable","12":"product-type-simple","13":"entry","14":"content-bg","15":"loop-entry"},"acf":[],"taxonomy_info":{"product_cat":[{"value":18,"label":"Multiples"}]},"featured_image_src_large":["https:\/\/piaceleradieux.com\/wp-content\/uploads\/sites\/30\/2026\/01\/land-2-c-719x1024.jpg",719,1024,true],"author_info":[],"comment_info":"","_links":{"self":[{"href":"https:\/\/piaceleradieux.com\/en\/wp-json\/wp\/v2\/product\/3460","targetHints":{"allow":["GET"]}}],"collection":[{"href":"https:\/\/piaceleradieux.com\/en\/wp-json\/wp\/v2\/product"}],"about":[{"href":"https:\/\/piaceleradieux.com\/en\/wp-json\/wp\/v2\/types\/product"}],"version-history":[{"count":2,"href":"https:\/\/piaceleradieux.com\/en\/wp-json\/wp\/v2\/product\/3460\/revisions"}],"predecessor-version":[{"id":3462,"href":"https:\/\/piaceleradieux.com\/en\/wp-json\/wp\/v2\/product\/3460\/revisions\/3462"}],"wp:featuredmedia":[{"embeddable":true,"href":"https:\/\/piaceleradieux.com\/en\/wp-json\/wp\/v2\/media\/4090"}],"wp:attachment":[{"href":"https:\/\/piaceleradieux.com\/en\/wp-json\/wp\/v2\/media?parent=3460"}],"wp:term":[{"taxonomy":"product_cat","embeddable":true,"href":"https:\/\/piaceleradieux.com\/en\/wp-json\/wp\/v2\/product_cat?post=3460"},{"taxonomy":"product_tag","embeddable":true,"href":"https:\/\/piaceleradieux.com\/en\/wp-json\/wp\/v2\/product_tag?post=3460"}],"curies":[{"name":"wp","href":"https:\/\/api.w.org\/{rel}","templated":true}]}}