{"id":3452,"date":"2026-01-28T10:03:09","date_gmt":"2026-01-28T09:03:09","guid":{"rendered":"https:\/\/piaceleradieux.com\/?post_type=product&#038;p=3452"},"modified":"2026-01-28T10:03:09","modified_gmt":"2026-01-28T09:03:09","slug":"stephane-vigny-ssarg-apmap","status":"publish","type":"product","link":"https:\/\/piaceleradieux.com\/en\/product\/stephane-vigny-ssarg-apmap\/","title":{"rendered":"St\u00e9phane Vigny, Ssarg apmap"},"content":{"rendered":"","protected":false},"excerpt":{"rendered":"<p>Impression sur papier Rag Photographique Infinity Canson 310 g.<br \/>\nFormat 40\u00d750 cm, image 30\u00d740 cm<br \/>\n\u00c9dition Piac\u00e9 le Radieux<br \/>\n7 exemplaires + 3 \u00e9preuves d\u2019artiste, num\u00e9rot\u00e9s et sign\u00e9s.<\/p>","protected":false},"featured_media":4053,"template":"","meta":{"_acf_changed":false,"_kad_blocks_custom_css":"","_kad_blocks_head_custom_js":"","_kad_blocks_body_custom_js":"","_kad_blocks_footer_custom_js":"","_kad_post_transparent":"default","_kad_post_title":"","_kad_post_layout":"default","_kad_post_sidebar_id":"","_kad_post_content_style":"default","_kad_post_vertical_padding":"default","_kad_post_feature":"","_kad_post_feature_position":"","_kad_post_header":false,"_kad_post_footer":false,"_kad_post_classname":"","footnotes":""},"product_cat":[18],"product_tag":[],"class_list":{"0":"post-3452","1":"product","2":"type-product","3":"status-publish","4":"has-post-thumbnail","6":"product_cat-multiples","8":"first","9":"instock","10":"sold-individually","11":"shipping-taxable","12":"purchasable","13":"product-type-simple","14":"entry","15":"content-bg","16":"loop-entry"},"acf":[],"taxonomy_info":{"product_cat":[{"value":18,"label":"Multiples"}]},"featured_image_src_large":["https:\/\/piaceleradieux.com\/wp-content\/uploads\/sites\/30\/2025\/09\/Vigny-Ssarg-Apmap-785x1024.jpg",785,1024,true],"author_info":[],"comment_info":"","_links":{"self":[{"href":"https:\/\/piaceleradieux.com\/en\/wp-json\/wp\/v2\/product\/3452","targetHints":{"allow":["GET"]}}],"collection":[{"href":"https:\/\/piaceleradieux.com\/en\/wp-json\/wp\/v2\/product"}],"about":[{"href":"https:\/\/piaceleradieux.com\/en\/wp-json\/wp\/v2\/types\/product"}],"version-history":[{"count":2,"href":"https:\/\/piaceleradieux.com\/en\/wp-json\/wp\/v2\/product\/3452\/revisions"}],"predecessor-version":[{"id":3454,"href":"https:\/\/piaceleradieux.com\/en\/wp-json\/wp\/v2\/product\/3452\/revisions\/3454"}],"wp:featuredmedia":[{"embeddable":true,"href":"https:\/\/piaceleradieux.com\/en\/wp-json\/wp\/v2\/media\/4053"}],"wp:attachment":[{"href":"https:\/\/piaceleradieux.com\/en\/wp-json\/wp\/v2\/media?parent=3452"}],"wp:term":[{"taxonomy":"product_cat","embeddable":true,"href":"https:\/\/piaceleradieux.com\/en\/wp-json\/wp\/v2\/product_cat?post=3452"},{"taxonomy":"product_tag","embeddable":true,"href":"https:\/\/piaceleradieux.com\/en\/wp-json\/wp\/v2\/product_tag?post=3452"}],"curies":[{"name":"wp","href":"https:\/\/api.w.org\/{rel}","templated":true}]}}