{"id":1515,"date":"2025-07-23T21:04:53","date_gmt":"2025-07-23T19:04:53","guid":{"rendered":"https:\/\/piaceleradieux.com\/?page_id=1515"},"modified":"2025-07-23T21:11:36","modified_gmt":"2025-07-23T19:11:36","slug":"plan-du-parcours","status":"publish","type":"page","link":"https:\/\/piaceleradieux.com\/en\/plan-du-parcours\/","title":{"rendered":"Route map"},"content":{"rendered":"<style>.kb-row-layout-id1515_af63c5-83 > .kt-row-column-wrap{align-content:start;}:where(.kb-row-layout-id1515_af63c5-83 > .kt-row-column-wrap) > .wp-block-kadence-column{justify-content:start;}.kb-row-layout-id1515_af63c5-83 > .kt-row-column-wrap{column-gap:var(--global-kb-gap-md, 2rem);row-gap:var(--global-kb-gap-md, 2rem);max-width:var( --global-content-width, 1290px );padding-left:var(--global-content-edge-padding);padding-right:var(--global-content-edge-padding);padding-top:var(--global-kb-spacing-sm, 1.5rem);padding-bottom:var(--global-kb-spacing-sm, 1.5rem);grid-template-columns:minmax(0, 1fr);}.kb-row-layout-id1515_af63c5-83 > .kt-row-layout-overlay{opacity:0.30;}@media all and (max-width: 1024px){.kb-row-layout-id1515_af63c5-83 > .kt-row-column-wrap{grid-template-columns:minmax(0, 1fr);}}@media all and (max-width: 767px){.kb-row-layout-id1515_af63c5-83 > .kt-row-column-wrap{grid-template-columns:minmax(0, 1fr);}}<\/style><div class=\"kb-row-layout-wrap kb-row-layout-id1515_af63c5-83 alignnone wp-block-kadence-rowlayout\"><div class=\"kt-row-column-wrap kt-has-1-columns kt-row-layout-equal kt-tab-layout-inherit kt-mobile-layout-row kt-row-valign-top kb-theme-content-width\">\n<style>.kadence-column1515_11264c-1e > .kt-inside-inner-col,.kadence-column1515_11264c-1e > .kt-inside-inner-col:before{border-top-left-radius:0px;border-top-right-radius:0px;border-bottom-right-radius:0px;border-bottom-left-radius:0px;}.kadence-column1515_11264c-1e > .kt-inside-inner-col{column-gap:var(--global-kb-gap-sm, 1rem);}.kadence-column1515_11264c-1e > .kt-inside-inner-col{flex-direction:column;}.kadence-column1515_11264c-1e > .kt-inside-inner-col > .aligncenter{width:100%;}.kadence-column1515_11264c-1e > .kt-inside-inner-col:before{opacity:0.3;}.kadence-column1515_11264c-1e{position:relative;}@media all and (max-width: 1024px){.kadence-column1515_11264c-1e > .kt-inside-inner-col{flex-direction:column;justify-content:center;}}@media all and (max-width: 767px){.kadence-column1515_11264c-1e > .kt-inside-inner-col{flex-direction:column;justify-content:center;}}<\/style>\n<div class=\"wp-block-kadence-column kadence-column1515_11264c-1e\"><div class=\"kt-inside-inner-col\"><style>.wp-block-kadence-advancedgallery .kb-gallery-type-masonry.kb-gallery-id-1515_e9fd5e-5f{margin:-5px;}.kb-gallery-type-masonry.kb-gallery-id-1515_e9fd5e-5f .kadence-blocks-gallery-item{padding:5px;}.kb-gallery-id-1515_e9fd5e-5f .kadence-blocks-gallery-item .kb-gal-image-radius, .kb-gallery-id-1515_e9fd5e-5f .kb-slide-item .kb-gal-image-radius img{border-radius:0px 0px 0px 0px;;}<\/style><div class=\"kb-gallery-wrap-id-1515_e9fd5e-5f alignnone wp-block-kadence-advancedgallery\"><ul class=\"kb-gallery-ul kb-gallery-non-static kb-gallery-type-masonry kb-masonry-init kb-gallery-id-1515_e9fd5e-5f kb-gallery-caption-style-bottom-hover kb-gallery-filter-none kb-gallery-magnific-init\" data-image-filter=\"none\" data-item-selector=\".kadence-blocks-gallery-item\" data-lightbox-caption=\"true\" data-columns-xxl=\"1\" data-columns-xl=\"1\" data-columns-md=\"1\" data-columns-sm=\"1\" data-columns-xs=\"1\" data-columns-ss=\"1\"><li class=\"kadence-blocks-gallery-item\"><div class=\"kadence-blocks-gallery-item-inner\"><figure class=\"kb-gallery-figure kb-gallery-item-has-link kadence-blocks-gallery-item-hide-caption\"><a href=\"https:\/\/piaceleradieux.com\/wp-content\/uploads\/sites\/30\/2025\/07\/PiacePlanParcours2024-A4-Verso.jpg\" class=\"kb-gallery-item-link\"   role=\"button\" aria-haspopup=\"dialog\"><div class=\"kb-gal-image-radius\" style=\"max-width:1536px;\"><div class=\"kb-gallery-image-contain kadence-blocks-gallery-intrinsic\" style=\"padding-bottom:70%;\"><img loading=\"lazy\" decoding=\"async\" src=\"https:\/\/piaceleradieux.com\/wp-content\/uploads\/sites\/30\/2025\/07\/PiacePlanParcours2024-A4-Verso-1536x1086.jpg\" width=\"1536\" height=\"1086\" alt=\"\" data-full-image=\"https:\/\/piaceleradieux.com\/wp-content\/uploads\/sites\/30\/2025\/07\/PiacePlanParcours2024-A4-Verso.jpg\" data-light-image=\"https:\/\/piaceleradieux.com\/wp-content\/uploads\/sites\/30\/2025\/07\/PiacePlanParcours2024-A4-Verso.jpg\" data-id=\"1518\" class=\"wp-image-1518\" srcset=\"https:\/\/piaceleradieux.com\/wp-content\/uploads\/sites\/30\/2025\/07\/PiacePlanParcours2024-A4-Verso-1536x1086.jpg 1536w, https:\/\/piaceleradieux.com\/wp-content\/uploads\/sites\/30\/2025\/07\/PiacePlanParcours2024-A4-Verso-300x212.jpg 300w, https:\/\/piaceleradieux.com\/wp-content\/uploads\/sites\/30\/2025\/07\/PiacePlanParcours2024-A4-Verso-1024x724.jpg 1024w, https:\/\/piaceleradieux.com\/wp-content\/uploads\/sites\/30\/2025\/07\/PiacePlanParcours2024-A4-Verso-768x543.jpg 768w, https:\/\/piaceleradieux.com\/wp-content\/uploads\/sites\/30\/2025\/07\/PiacePlanParcours2024-A4-Verso-2048x1448.jpg 2048w, https:\/\/piaceleradieux.com\/wp-content\/uploads\/sites\/30\/2025\/07\/PiacePlanParcours2024-A4-Verso-18x12.jpg 18w, https:\/\/piaceleradieux.com\/wp-content\/uploads\/sites\/30\/2025\/07\/PiacePlanParcours2024-A4-Verso-600x424.jpg 600w\" sizes=\"auto, (max-width: 1536px) 100vw, 1536px\" \/><\/div><\/div><\/a><\/figure><\/div><\/li><\/ul><\/div><\/div><\/div>\n\n<\/div><\/div>\n\n<style>.kb-row-layout-id1515_eb5176-97 > .kt-row-column-wrap{align-content:start;}:where(.kb-row-layout-id1515_eb5176-97 > .kt-row-column-wrap) > .wp-block-kadence-column{justify-content:start;}.kb-row-layout-id1515_eb5176-97 > .kt-row-column-wrap{column-gap:var(--global-kb-gap-md, 2rem);row-gap:var(--global-kb-gap-md, 2rem);max-width:var( --global-content-width, 1290px );padding-left:var(--global-content-edge-padding);padding-right:var(--global-content-edge-padding);padding-top:var(--global-kb-spacing-sm, 1.5rem);padding-bottom:var(--global-kb-spacing-xl, 4rem);}.kb-row-layout-id1515_eb5176-97 > .kt-row-column-wrap > div:not(.added-for-specificity){grid-column:initial;}.kb-row-layout-id1515_eb5176-97 > .kt-row-column-wrap{grid-template-columns:repeat(3, minmax(0, 1fr));}.kb-row-layout-id1515_eb5176-97 > .kt-row-layout-overlay{opacity:0.30;}@media all and (max-width: 1024px){.kb-row-layout-id1515_eb5176-97 > .kt-row-column-wrap > div:not(.added-for-specificity){grid-column:initial;}}@media all and (max-width: 1024px){.kb-row-layout-id1515_eb5176-97 > .kt-row-column-wrap{grid-template-columns:repeat(3, minmax(0, 1fr));}}@media all and (max-width: 767px){.kb-row-layout-id1515_eb5176-97 > .kt-row-column-wrap > div:not(.added-for-specificity){grid-column:initial;}.kb-row-layout-id1515_eb5176-97 > .kt-row-column-wrap{grid-template-columns:minmax(0, 1fr);}}<\/style><div class=\"kb-row-layout-wrap kb-row-layout-id1515_eb5176-97 alignnone wp-block-kadence-rowlayout\"><div class=\"kt-row-column-wrap kt-has-3-columns kt-row-layout-equal kt-tab-layout-inherit kt-mobile-layout-row kt-row-valign-top kb-theme-content-width\">\n<style>.kadence-column1515_67a894-c7 > .kt-inside-inner-col,.kadence-column1515_67a894-c7 > .kt-inside-inner-col:before{border-top-left-radius:0px;border-top-right-radius:0px;border-bottom-right-radius:0px;border-bottom-left-radius:0px;}.kadence-column1515_67a894-c7 > .kt-inside-inner-col{column-gap:var(--global-kb-gap-sm, 1rem);}.kadence-column1515_67a894-c7 > .kt-inside-inner-col{flex-direction:column;}.kadence-column1515_67a894-c7 > .kt-inside-inner-col > .aligncenter{width:100%;}.kadence-column1515_67a894-c7 > .kt-inside-inner-col:before{opacity:0.3;}.kadence-column1515_67a894-c7{position:relative;}@media all and (max-width: 1024px){.kadence-column1515_67a894-c7 > .kt-inside-inner-col{flex-direction:column;justify-content:center;}}@media all and (max-width: 767px){.kadence-column1515_67a894-c7 > .kt-inside-inner-col{flex-direction:column;justify-content:center;}}<\/style>\n<div class=\"wp-block-kadence-column kadence-column1515_67a894-c7\"><div class=\"kt-inside-inner-col\">\n<p>Piac\u00e9 le radieux regularly invites artists, architects and designers to explore the links between modernity and rurality.&nbsp;<\/p>\n\n\n\n<p>A trail of 60 works (microarchitectures, sculptures, installations, etc.) is accessible all year round in the village and surrounding countryside, extending as far as the neighbouring communes of Juill\u00e9 and Beaumont-sur-Sarthe.<\/p>\n<\/div><\/div>\n\n\n<style>.kadence-column1515_3de07e-c9 > .kt-inside-inner-col,.kadence-column1515_3de07e-c9 > .kt-inside-inner-col:before{border-top-left-radius:0px;border-top-right-radius:0px;border-bottom-right-radius:0px;border-bottom-left-radius:0px;}.kadence-column1515_3de07e-c9 > .kt-inside-inner-col{column-gap:var(--global-kb-gap-sm, 1rem);}.kadence-column1515_3de07e-c9 > .kt-inside-inner-col{flex-direction:column;}.kadence-column1515_3de07e-c9 > .kt-inside-inner-col > .aligncenter{width:100%;}.kadence-column1515_3de07e-c9 > .kt-inside-inner-col:before{opacity:0.3;}.kadence-column1515_3de07e-c9{position:relative;}@media all and (max-width: 1024px){.kadence-column1515_3de07e-c9 > .kt-inside-inner-col{flex-direction:column;justify-content:center;}}@media all and (max-width: 767px){.kadence-column1515_3de07e-c9 > .kt-inside-inner-col{flex-direction:column;justify-content:center;}}<\/style>\n<div class=\"wp-block-kadence-column kadence-column1515_3de07e-c9\"><div class=\"kt-inside-inner-col\">\n<p>Please note that some works are installed in private spaces and can only be viewed during temporary exhibitions, guided tours or by appointment.<\/p>\n<\/div><\/div>\n\n\n<style>.kadence-column1515_fa2d98-c4 > .kt-inside-inner-col,.kadence-column1515_fa2d98-c4 > .kt-inside-inner-col:before{border-top-left-radius:0px;border-top-right-radius:0px;border-bottom-right-radius:0px;border-bottom-left-radius:0px;}.kadence-column1515_fa2d98-c4 > .kt-inside-inner-col{column-gap:var(--global-kb-gap-sm, 1rem);}.kadence-column1515_fa2d98-c4 > .kt-inside-inner-col{flex-direction:column;}.kadence-column1515_fa2d98-c4 > .kt-inside-inner-col > .aligncenter{width:100%;}.kadence-column1515_fa2d98-c4 > .kt-inside-inner-col:before{opacity:0.3;}.kadence-column1515_fa2d98-c4{position:relative;}@media all and (max-width: 1024px){.kadence-column1515_fa2d98-c4 > .kt-inside-inner-col{flex-direction:column;justify-content:center;}}@media all and (max-width: 767px){.kadence-column1515_fa2d98-c4 > .kt-inside-inner-col{flex-direction:column;justify-content:center;}}<\/style>\n<div class=\"wp-block-kadence-column kadence-column1515_fa2d98-c4\"><div class=\"kt-inside-inner-col\"><style>.wp-block-kadence-advancedbtn.kb-btns1515_561691-58{gap:var(--global-kb-gap-xs, 0.5rem );justify-content:flex-start;align-items:center;}.kt-btns1515_561691-58 .kt-button{font-weight:normal;font-style:normal;}.kt-btns1515_561691-58 .kt-btn-wrap-0{margin-right:5px;}.wp-block-kadence-advancedbtn.kt-btns1515_561691-58 .kt-btn-wrap-0 .kt-button{color:#555555;border-color:#555555;}.wp-block-kadence-advancedbtn.kt-btns1515_561691-58 .kt-btn-wrap-0 .kt-button:hover, .wp-block-kadence-advancedbtn.kt-btns1515_561691-58 .kt-btn-wrap-0 .kt-button:focus{color:#ffffff;border-color:#444444;}.wp-block-kadence-advancedbtn.kt-btns1515_561691-58 .kt-btn-wrap-0 .kt-button::before{display:none;}.wp-block-kadence-advancedbtn.kt-btns1515_561691-58 .kt-btn-wrap-0 .kt-button:hover, .wp-block-kadence-advancedbtn.kt-btns1515_561691-58 .kt-btn-wrap-0 .kt-button:focus{background:#444444;}<\/style>\n<div class=\"wp-block-kadence-advancedbtn kb-buttons-wrap kb-btns1515_561691-58\"><style>ul.menu .wp-block-kadence-advancedbtn .kb-btn1515_4b5265-a3.kb-button{width:initial;}<\/style><a class=\"kb-button kt-button button kb-btn1515_4b5265-a3 kt-btn-size-small kt-btn-width-type-auto kb-btn-global-fill  kt-btn-has-text-true kt-btn-has-svg-false  wp-block-kadence-singlebtn\" href=\"https:\/\/piaceleradieux.com\/wp-content\/uploads\/sites\/30\/2025\/07\/PiacePlanParcours2024-A4-Verso.jpg\" download=\"\"><span class=\"kt-btn-inner-text\">Download the map<\/span><\/a><\/div>\n<\/div><\/div>\n\n<\/div><\/div>\n\n<style>.kb-row-layout-id1515_8b9f0e-ec > .kt-row-column-wrap{align-content:start;}:where(.kb-row-layout-id1515_8b9f0e-ec > .kt-row-column-wrap) > .wp-block-kadence-column{justify-content:start;}.kb-row-layout-id1515_8b9f0e-ec > .kt-row-column-wrap{column-gap:var(--global-kb-gap-md, 2rem);row-gap:var(--global-kb-gap-md, 2rem);max-width:var( --global-content-width, 1290px );padding-left:var(--global-content-edge-padding);padding-right:var(--global-content-edge-padding);padding-top:var(--global-kb-spacing-sm, 1.5rem);padding-bottom:var(--global-kb-spacing-sm, 1.5rem);grid-template-columns:minmax(0, 1fr);}.kb-row-layout-id1515_8b9f0e-ec > .kt-row-layout-overlay{opacity:0.30;}@media all and (max-width: 1024px){.kb-row-layout-id1515_8b9f0e-ec > .kt-row-column-wrap{grid-template-columns:minmax(0, 1fr);}}@media all and (max-width: 767px){.kb-row-layout-id1515_8b9f0e-ec > .kt-row-column-wrap{grid-template-columns:minmax(0, 1fr);}}<\/style><div class=\"kb-row-layout-wrap kb-row-layout-id1515_8b9f0e-ec alignnone wp-block-kadence-rowlayout\"><div class=\"kt-row-column-wrap kt-has-1-columns kt-row-layout-equal kt-tab-layout-inherit kt-mobile-layout-row kt-row-valign-top kb-theme-content-width\">\n<style>.kadence-column1515_71bcf1-9f > .kt-inside-inner-col,.kadence-column1515_71bcf1-9f > .kt-inside-inner-col:before{border-top-left-radius:0px;border-top-right-radius:0px;border-bottom-right-radius:0px;border-bottom-left-radius:0px;}.kadence-column1515_71bcf1-9f > .kt-inside-inner-col{column-gap:var(--global-kb-gap-sm, 1rem);}.kadence-column1515_71bcf1-9f > .kt-inside-inner-col{flex-direction:column;}.kadence-column1515_71bcf1-9f > .kt-inside-inner-col > .aligncenter{width:100%;}.kadence-column1515_71bcf1-9f > .kt-inside-inner-col:before{opacity:0.3;}.kadence-column1515_71bcf1-9f{position:relative;}@media all and (max-width: 1024px){.kadence-column1515_71bcf1-9f > .kt-inside-inner-col{flex-direction:column;justify-content:center;}}@media all and (max-width: 767px){.kadence-column1515_71bcf1-9f > .kt-inside-inner-col{flex-direction:column;justify-content:center;}}<\/style>\n<div class=\"wp-block-kadence-column kadence-column1515_71bcf1-9f\"><div class=\"kt-inside-inner-col\"><style>.wp-block-kadence-advancedgallery .kb-gallery-type-masonry.kb-gallery-id-1515_4c2615-76{margin:-5px;}.kb-gallery-type-masonry.kb-gallery-id-1515_4c2615-76 .kadence-blocks-gallery-item{padding:5px;}.kb-gallery-id-1515_4c2615-76 .kadence-blocks-gallery-item .kb-gal-image-radius, .kb-gallery-id-1515_4c2615-76 .kb-slide-item .kb-gal-image-radius img{border-radius:0px 0px 0px 0px;;}<\/style><div class=\"kb-gallery-wrap-id-1515_4c2615-76 alignnone wp-block-kadence-advancedgallery\"><ul class=\"kb-gallery-ul kb-gallery-non-static kb-gallery-type-masonry kb-masonry-init kb-gallery-id-1515_4c2615-76 kb-gallery-caption-style-bottom-hover kb-gallery-filter-none kb-gallery-magnific-init\" data-image-filter=\"none\" data-item-selector=\".kadence-blocks-gallery-item\" data-lightbox-caption=\"true\" data-columns-xxl=\"2\" data-columns-xl=\"2\" data-columns-md=\"2\" data-columns-sm=\"2\" data-columns-xs=\"1\" data-columns-ss=\"1\"><li class=\"kadence-blocks-gallery-item\"><div class=\"kadence-blocks-gallery-item-inner\"><figure class=\"kb-gallery-figure kb-gallery-item-has-link kadence-blocks-gallery-item-hide-caption\"><a href=\"https:\/\/piaceleradieux.com\/wp-content\/uploads\/sites\/30\/2025\/07\/PiacePlanParcours2024-A4-Recto.jpg\" class=\"kb-gallery-item-link\"   role=\"button\" aria-haspopup=\"dialog\"><div class=\"kb-gal-image-radius\" style=\"max-width:1086px;\"><div class=\"kb-gallery-image-contain kadence-blocks-gallery-intrinsic\" style=\"padding-bottom:141%;\"><img loading=\"lazy\" decoding=\"async\" src=\"https:\/\/piaceleradieux.com\/wp-content\/uploads\/sites\/30\/2025\/07\/PiacePlanParcours2024-A4-Recto-1086x1536.jpg\" width=\"1086\" height=\"1536\" alt=\"\" data-full-image=\"https:\/\/piaceleradieux.com\/wp-content\/uploads\/sites\/30\/2025\/07\/PiacePlanParcours2024-A4-Recto.jpg\" data-light-image=\"https:\/\/piaceleradieux.com\/wp-content\/uploads\/sites\/30\/2025\/07\/PiacePlanParcours2024-A4-Recto.jpg\" data-id=\"1517\" class=\"wp-image-1517\" srcset=\"https:\/\/piaceleradieux.com\/wp-content\/uploads\/sites\/30\/2025\/07\/PiacePlanParcours2024-A4-Recto-1086x1536.jpg 1086w, https:\/\/piaceleradieux.com\/wp-content\/uploads\/sites\/30\/2025\/07\/PiacePlanParcours2024-A4-Recto-212x300.jpg 212w, https:\/\/piaceleradieux.com\/wp-content\/uploads\/sites\/30\/2025\/07\/PiacePlanParcours2024-A4-Recto-724x1024.jpg 724w, https:\/\/piaceleradieux.com\/wp-content\/uploads\/sites\/30\/2025\/07\/PiacePlanParcours2024-A4-Recto-768x1086.jpg 768w, https:\/\/piaceleradieux.com\/wp-content\/uploads\/sites\/30\/2025\/07\/PiacePlanParcours2024-A4-Recto-1448x2048.jpg 1448w, https:\/\/piaceleradieux.com\/wp-content\/uploads\/sites\/30\/2025\/07\/PiacePlanParcours2024-A4-Recto-8x12.jpg 8w, https:\/\/piaceleradieux.com\/wp-content\/uploads\/sites\/30\/2025\/07\/PiacePlanParcours2024-A4-Recto-600x848.jpg 600w, https:\/\/piaceleradieux.com\/wp-content\/uploads\/sites\/30\/2025\/07\/PiacePlanParcours2024-A4-Recto.jpg 1654w\" sizes=\"auto, (max-width: 1086px) 100vw, 1086px\" \/><\/div><\/div><\/a><\/figure><\/div><\/li><\/ul><\/div><\/div><\/div>\n\n<\/div><\/div>","protected":false},"excerpt":{"rendered":"<p>Piac\u00e9 le radieux invite r\u00e9guli\u00e8rement des artistes, architectes, designers \u00e0 explorer les liens entre modernit\u00e9 et ruralit\u00e9.&nbsp; Un parcours comptant 60 \u0153uvres (microarchitectures, sculptures, installations etc.) est accessible toute l\u2019ann\u00e9e dans le village et la campagne avoisinante, s\u2019\u00e9tendant jusqu\u2019aux communes voisines de Juill\u00e9 et de Beaumont-sur-Sarthe. Attention certaines \u0153uvres sont install\u00e9es dans des espaces priv\u00e9s&#8230;<\/p>","protected":false},"author":2,"featured_media":0,"parent":0,"menu_order":0,"comment_status":"closed","ping_status":"closed","template":"","meta":{"_acf_changed":false,"_kad_blocks_custom_css":"","_kad_blocks_head_custom_js":"","_kad_blocks_body_custom_js":"","_kad_blocks_footer_custom_js":"","_kad_post_transparent":"","_kad_post_title":"","_kad_post_layout":"","_kad_post_sidebar_id":"","_kad_post_content_style":"","_kad_post_vertical_padding":"","_kad_post_feature":"","_kad_post_feature_position":"","_kad_post_header":false,"_kad_post_footer":false,"_kad_post_classname":"","footnotes":""},"class_list":["post-1515","page","type-page","status-publish","hentry"],"acf":[],"taxonomy_info":[],"featured_image_src_large":false,"author_info":{"display_name":"manon","author_link":"https:\/\/piaceleradieux.com\/en\/author\/manon\/"},"comment_info":"","_links":{"self":[{"href":"https:\/\/piaceleradieux.com\/en\/wp-json\/wp\/v2\/pages\/1515","targetHints":{"allow":["GET"]}}],"collection":[{"href":"https:\/\/piaceleradieux.com\/en\/wp-json\/wp\/v2\/pages"}],"about":[{"href":"https:\/\/piaceleradieux.com\/en\/wp-json\/wp\/v2\/types\/page"}],"author":[{"embeddable":true,"href":"https:\/\/piaceleradieux.com\/en\/wp-json\/wp\/v2\/users\/2"}],"replies":[{"embeddable":true,"href":"https:\/\/piaceleradieux.com\/en\/wp-json\/wp\/v2\/comments?post=1515"}],"version-history":[{"count":4,"href":"https:\/\/piaceleradieux.com\/en\/wp-json\/wp\/v2\/pages\/1515\/revisions"}],"predecessor-version":[{"id":1521,"href":"https:\/\/piaceleradieux.com\/en\/wp-json\/wp\/v2\/pages\/1515\/revisions\/1521"}],"wp:attachment":[{"href":"https:\/\/piaceleradieux.com\/en\/wp-json\/wp\/v2\/media?parent=1515"}],"curies":[{"name":"wp","href":"https:\/\/api.w.org\/{rel}","templated":true}]}}