{"id":117,"date":"2025-07-16T14:43:17","date_gmt":"2025-07-16T12:43:17","guid":{"rendered":"https:\/\/piaceleradieux.com\/?page_id=117"},"modified":"2025-07-24T15:03:23","modified_gmt":"2025-07-24T13:03:23","slug":"adhesion-mecenat","status":"publish","type":"page","link":"https:\/\/piaceleradieux.com\/en\/adhesion-mecenat\/","title":{"rendered":"Membership | Sponsorship"},"content":{"rendered":"<style>.kb-row-layout-id117_ca25c1-f6 > .kt-row-column-wrap{align-content:start;}:where(.kb-row-layout-id117_ca25c1-f6 > .kt-row-column-wrap) > .wp-block-kadence-column{justify-content:start;}.kb-row-layout-id117_ca25c1-f6 > .kt-row-column-wrap{column-gap:var(--global-kb-gap-md, 2rem);row-gap:var(--global-kb-gap-md, 2rem);max-width:var( --global-content-width, 1290px );padding-left:var(--global-content-edge-padding);padding-right:var(--global-content-edge-padding);padding-top:var(--global-kb-spacing-sm, 1.5rem);padding-bottom:var(--global-kb-spacing-sm, 1.5rem);grid-template-columns:minmax(0, 1fr);}.kb-row-layout-id117_ca25c1-f6 > .kt-row-layout-overlay{opacity:0.30;}@media all and (max-width: 1024px){.kb-row-layout-id117_ca25c1-f6 > .kt-row-column-wrap{grid-template-columns:minmax(0, 1fr);}}@media all and (max-width: 767px){.kb-row-layout-id117_ca25c1-f6 > .kt-row-column-wrap{grid-template-columns:minmax(0, 1fr);}}<\/style><div class=\"kb-row-layout-wrap kb-row-layout-id117_ca25c1-f6 alignnone wp-block-kadence-rowlayout\"><div class=\"kt-row-column-wrap kt-has-1-columns kt-row-layout-equal kt-tab-layout-inherit kt-mobile-layout-row kt-row-valign-top kb-theme-content-width\">\n<style>.kadence-column117_6bfe40-30 > .kt-inside-inner-col,.kadence-column117_6bfe40-30 > .kt-inside-inner-col:before{border-top-left-radius:0px;border-top-right-radius:0px;border-bottom-right-radius:0px;border-bottom-left-radius:0px;}.kadence-column117_6bfe40-30 > .kt-inside-inner-col{column-gap:var(--global-kb-gap-sm, 1rem);}.kadence-column117_6bfe40-30 > .kt-inside-inner-col{flex-direction:column;}.kadence-column117_6bfe40-30 > .kt-inside-inner-col > .aligncenter{width:100%;}.kadence-column117_6bfe40-30 > .kt-inside-inner-col:before{opacity:0.3;}.kadence-column117_6bfe40-30{position:relative;}@media all and (max-width: 1024px){.kadence-column117_6bfe40-30 > .kt-inside-inner-col{flex-direction:column;justify-content:center;}}@media all and (max-width: 767px){.kadence-column117_6bfe40-30 > .kt-inside-inner-col{flex-direction:column;justify-content:center;}}<\/style>\n<div class=\"wp-block-kadence-column kadence-column117_6bfe40-30\"><div class=\"kt-inside-inner-col\"><style>.wp-block-kadence-advancedheading.kt-adv-heading117_b77699-67, .wp-block-kadence-advancedheading.kt-adv-heading117_b77699-67[data-kb-block=\"kb-adv-heading117_b77699-67\"]{font-size:var(--global-kb-font-size-xl, 3rem);font-style:normal;}.wp-block-kadence-advancedheading.kt-adv-heading117_b77699-67 mark.kt-highlight, .wp-block-kadence-advancedheading.kt-adv-heading117_b77699-67[data-kb-block=\"kb-adv-heading117_b77699-67\"] mark.kt-highlight{font-style:normal;color:#f76a0c;-webkit-box-decoration-break:clone;box-decoration-break:clone;padding-top:0px;padding-right:0px;padding-bottom:0px;padding-left:0px;}.wp-block-kadence-advancedheading.kt-adv-heading117_b77699-67 img.kb-inline-image, .wp-block-kadence-advancedheading.kt-adv-heading117_b77699-67[data-kb-block=\"kb-adv-heading117_b77699-67\"] img.kb-inline-image{width:150px;vertical-align:baseline;}<\/style>\n<h1 class=\"kt-adv-heading117_b77699-67 wp-block-kadence-advancedheading\" data-kb-block=\"kb-adv-heading117_b77699-67\">Adh\u00e9sion | M\u00e9c\u00e9nat<\/h1>\n<\/div><\/div>\n\n<\/div><\/div>\n\n<style>.kb-row-layout-id117_c238a3-27 > .kt-row-column-wrap{align-content:start;}:where(.kb-row-layout-id117_c238a3-27 > .kt-row-column-wrap) > .wp-block-kadence-column{justify-content:start;}.kb-row-layout-id117_c238a3-27 > .kt-row-column-wrap{column-gap:var(--global-kb-gap-md, 2rem);row-gap:var(--global-kb-gap-md, 2rem);max-width:var( --global-content-width, 1290px );padding-left:var(--global-content-edge-padding);padding-right:var(--global-content-edge-padding);padding-top:var(--global-kb-spacing-sm, 1.5rem);padding-bottom:var(--global-kb-spacing-sm, 1.5rem);grid-template-columns:minmax(0, calc(60% - ((var(--global-kb-gap-md, 2rem) * 1 )\/2)))minmax(0, calc(40% - ((var(--global-kb-gap-md, 2rem) * 1 )\/2)));}.kb-row-layout-id117_c238a3-27 > .kt-row-layout-overlay{opacity:0.30;}@media all and (max-width: 1024px){.kb-row-layout-id117_c238a3-27 > .kt-row-column-wrap{grid-template-columns:minmax(0, 2fr) minmax(0, 1fr);}}@media all and (max-width: 767px){.kb-row-layout-id117_c238a3-27 > .kt-row-column-wrap{grid-template-columns:minmax(0, 1fr);}}<\/style><div class=\"kb-row-layout-wrap kb-row-layout-id117_c238a3-27 alignnone wp-block-kadence-rowlayout\"><div class=\"kt-row-column-wrap kt-has-2-columns kt-row-layout-left-golden kt-tab-layout-inherit kt-mobile-layout-row kt-row-valign-top kb-theme-content-width\">\n<style>.kadence-column117_f38085-3e > .kt-inside-inner-col,.kadence-column117_f38085-3e > .kt-inside-inner-col:before{border-top-left-radius:0px;border-top-right-radius:0px;border-bottom-right-radius:0px;border-bottom-left-radius:0px;}.kadence-column117_f38085-3e > .kt-inside-inner-col{column-gap:var(--global-kb-gap-sm, 1rem);}.kadence-column117_f38085-3e > .kt-inside-inner-col{flex-direction:column;}.kadence-column117_f38085-3e > .kt-inside-inner-col > .aligncenter{width:100%;}.kadence-column117_f38085-3e > .kt-inside-inner-col:before{opacity:0.3;}.kadence-column117_f38085-3e{position:relative;}@media all and (max-width: 1024px){.kadence-column117_f38085-3e > .kt-inside-inner-col{flex-direction:column;justify-content:center;}}@media all and (max-width: 767px){.kadence-column117_f38085-3e > .kt-inside-inner-col{flex-direction:column;justify-content:center;}}<\/style>\n<div class=\"wp-block-kadence-column kadence-column117_f38085-3e\"><div class=\"kt-inside-inner-col\"><style>.kb-image117_c04fca-96 .kb-image-has-overlay:after{opacity:0.3;}<\/style>\n<figure class=\"wp-block-kadence-image kb-image117_c04fca-96 size-large kb-image-is-ratio-size\"><div class=\"kb-is-ratio-image kb-image-ratio-square\"><img loading=\"lazy\" decoding=\"async\" width=\"1024\" height=\"695\" src=\"https:\/\/piaceleradieux.com\/wp-content\/uploads\/sites\/30\/2025\/07\/IMG_6523-1024x695.jpeg\" alt=\"\" class=\"kb-img wp-image-62\" srcset=\"https:\/\/piaceleradieux.com\/wp-content\/uploads\/sites\/30\/2025\/07\/IMG_6523-1024x695.jpeg 1024w, https:\/\/piaceleradieux.com\/wp-content\/uploads\/sites\/30\/2025\/07\/IMG_6523-300x204.jpeg 300w, https:\/\/piaceleradieux.com\/wp-content\/uploads\/sites\/30\/2025\/07\/IMG_6523-768x521.jpeg 768w, https:\/\/piaceleradieux.com\/wp-content\/uploads\/sites\/30\/2025\/07\/IMG_6523-1536x1043.jpeg 1536w, https:\/\/piaceleradieux.com\/wp-content\/uploads\/sites\/30\/2025\/07\/IMG_6523-2048x1390.jpeg 2048w, https:\/\/piaceleradieux.com\/wp-content\/uploads\/sites\/30\/2025\/07\/IMG_6523-18x12.jpeg 18w, https:\/\/piaceleradieux.com\/wp-content\/uploads\/sites\/30\/2025\/07\/IMG_6523-600x407.jpeg 600w\" sizes=\"auto, (max-width: 1024px) 100vw, 1024px\" \/><\/div><\/figure>\n\n\n\n<p>L\u2019association Piac\u00e9 le radieux, B\u00e9zard \u2013 Le Corbusier est reconnue d\u2019inter\u00eat g\u00e9n\u00e9ral, toute adh\u00e9sion ou don b\u00e9n\u00e9ficie d\u2019une d\u00e9duction d\u2019imp\u00f4t.<\/p>\n\n\n\n<h2 class=\"wp-block-heading\">Vous souhaitez soutenir l\u2019association:<\/h2>\n\n\n\n<ul class=\"wp-block-list\">\n<li>En adh\u00e9rant<\/li>\n\n\n\n<li>En nous faisant un don<\/li>\n<\/ul>\n\n\n\n<p>Vous pouvez le faire en ligne en cliquant sur l\u2019un des boutons ci-dessous.<\/p>\n\n\n<style>.wp-block-kadence-advancedbtn.kb-btns117_c5e352-14{gap:var(--global-kb-gap-xs, 0.5rem );justify-content:flex-start;align-items:center;}.kt-btns117_c5e352-14 .kt-button{font-weight:normal;font-style:normal;}.kt-btns117_c5e352-14 .kt-btn-wrap-0{margin-right:5px;}.wp-block-kadence-advancedbtn.kt-btns117_c5e352-14 .kt-btn-wrap-0 .kt-button{color:#555555;border-color:#555555;}.wp-block-kadence-advancedbtn.kt-btns117_c5e352-14 .kt-btn-wrap-0 .kt-button:hover, .wp-block-kadence-advancedbtn.kt-btns117_c5e352-14 .kt-btn-wrap-0 .kt-button:focus{color:#ffffff;border-color:#444444;}.wp-block-kadence-advancedbtn.kt-btns117_c5e352-14 .kt-btn-wrap-0 .kt-button::before{display:none;}.wp-block-kadence-advancedbtn.kt-btns117_c5e352-14 .kt-btn-wrap-0 .kt-button:hover, .wp-block-kadence-advancedbtn.kt-btns117_c5e352-14 .kt-btn-wrap-0 .kt-button:focus{background:#444444;}<\/style>\n<div class=\"wp-block-kadence-advancedbtn kb-buttons-wrap kb-btns117_c5e352-14\"><style>ul.menu .wp-block-kadence-advancedbtn .kb-btn117_6d2397-1e.kb-button{width:initial;}<\/style><a class=\"kb-button kt-button button kb-btn117_6d2397-1e kt-btn-size-small kt-btn-width-type-auto kb-btn-global-inherit  kt-btn-has-text-true kt-btn-has-svg-false  wp-block-button__link wp-block-kadence-singlebtn\" href=\"https:\/\/piaceleradieux.com\/produit\/adhesion-a-lassociation\/\"><span class=\"kt-btn-inner-text\">J&rsquo;adh\u00e8re<\/span><\/a>\n\n<style>ul.menu .wp-block-kadence-advancedbtn .kb-btn117_2a7cb3-25.kb-button{width:initial;}<\/style><a class=\"kb-button kt-button button kb-btn117_2a7cb3-25 kt-btn-size-small kt-btn-width-type-auto kb-btn-global-inherit  kt-btn-has-text-true kt-btn-has-svg-false  wp-block-button__link wp-block-kadence-singlebtn\" href=\"https:\/\/piaceleradieux.com\/produit\/don-a-lassociation\/\"><span class=\"kt-btn-inner-text\">Je fais un don<\/span><\/a><\/div>\n<\/div><\/div>\n\n\n<style>.kadence-column117_0918d5-1a > .kt-inside-inner-col,.kadence-column117_0918d5-1a > .kt-inside-inner-col:before{border-top-left-radius:0px;border-top-right-radius:0px;border-bottom-right-radius:0px;border-bottom-left-radius:0px;}.kadence-column117_0918d5-1a > .kt-inside-inner-col{column-gap:var(--global-kb-gap-sm, 1rem);}.kadence-column117_0918d5-1a > .kt-inside-inner-col{flex-direction:column;}.kadence-column117_0918d5-1a > .kt-inside-inner-col > .aligncenter{width:100%;}.kadence-column117_0918d5-1a > .kt-inside-inner-col:before{opacity:0.3;}.kadence-column117_0918d5-1a{position:relative;}@media all and (max-width: 1024px){.kadence-column117_0918d5-1a > .kt-inside-inner-col{flex-direction:column;justify-content:center;}}@media all and (max-width: 767px){.kadence-column117_0918d5-1a > .kt-inside-inner-col{flex-direction:column;justify-content:center;}}<\/style>\n<div class=\"wp-block-kadence-column kadence-column117_0918d5-1a\"><div class=\"kt-inside-inner-col\">\n<h2 class=\"wp-block-heading\">Devenir m\u00e9c\u00e8ne<\/h2>\n\n\n\n<p>Piac\u00e9 le radieux, B\u00e9zard-Le Corbusier est une association Loi 1901 d\u2019int\u00e9r\u00eat g\u00e9n\u00e9ral, \u00e9ligible au m\u00e9c\u00e9nat, c\u2019est-\u00e0-dire agr\u00e9\u00e9e par le centre des imp\u00f4ts pour \u00e9diter des bons de d\u00e9fiscalisation au titre du m\u00e9c\u00e9nat.<\/p>\n\n\n\n<p>Devenir m\u00e9c\u00e8ne de l\u2019association Piac\u00e9 le radieux, B\u00e9zard \u2013 Le Corbusier, c\u2019est :<br>Apporter une contribution active \u00e0 un lieu de recherche et d\u2019exp\u00e9rimentation en architecture, art contemporain et design en Sarthe et en France, et lui permettre de r\u00e9aliser ses \u00e9volutions et ses projets.<br>Le soutien que chacun d\u00e9cide d\u2019apporter \u00e0 l\u2019association Piac\u00e9 le radieux vient s\u2019ajouter \u00e0 nos sources de financements. Vous pouvez \u00eatre m\u00e9c\u00e8ne en tant que particulier et en tant qu\u2019entreprise.<\/p>\n\n\n\n<p>T\u00e9l\u00e9chargement du formulaire<\/p>\n\n\n\n<h3 class=\"wp-block-heading\">Votre don contribuera \u00e0 trois axes importants de nos activit\u00e9s:<\/h3>\n\n\n\n<ul class=\"wp-block-list\">\n<li>La production des expositions et des oeuvres pr\u00e9sent\u00e9es.<\/li>\n\n\n\n<li>L\u2019\u00e9dition de catalogues et de livres d\u2019artistes li\u00e9s \u00e0 nos expositions.<\/li>\n\n\n\n<li>La m\u00e9diation et la sensibilisation \u00e0 l\u2019art contemporain aupr\u00e8s de tous les publics.<\/li>\n<\/ul>\n\n\n\n<h3 class=\"wp-block-heading\">L\u2019int\u00e9r\u00eat financier:<\/h3>\n\n\n\n<p>Vous pouvez en tant que m\u00e9c\u00e8ne de l\u2019association Piac\u00e9 le radieux, obtenir une d\u00e9duction fiscale \u00e9gale \u00e0 60% du versement, pris dans la limite de 0,5% du chiffre d\u2019affaires (article 238 bis du Code g\u00e9n\u00e9ral des Imp\u00f4ts).<br>Pour les dons en nature ou en comp\u00e9tences, la r\u00e9duction d\u2019imp\u00f4t porte sur la valeur des \u00e9l\u00e9ments donn\u00e9s ou sur le prix de revient de la prestation offerte ou encore sur la valeur v\u00e9nale de l\u2019immobilisation transf\u00e9r\u00e9e.<br>Ainsi, pour un don de 10 000 euros, que ce soit un don financier ou la valeur d\u2019un don en nature ou en comp\u00e9tences, vous vous verrez retirer 6000 euros de votre Imp\u00f4t sur les Soci\u00e9t\u00e9s, soit un co\u00fbt r\u00e9el de 4000 euros.<\/p>\n\n\n\n<h3 class=\"wp-block-heading\">Les contreparties:<\/h3>\n\n\n\n<p>En communication :<\/p>\n\n\n\n<ul class=\"wp-block-list\">\n<li>Apposer le nom de votre entreprise sur la page Partenaires de notre site Internet.<\/li>\n\n\n\n<li>Votre logo sur nos outils de communication (kak\u00e9mono, affiches, flyers, programmes\u2026)<\/li>\n<\/ul>\n\n\n\n<p>Au coeur des \u00e9v\u00e9nements :<\/p>\n\n\n\n<ul class=\"wp-block-list\">\n<li>Des invitations \u00e0 toutes les manifestations culturelles organis\u00e9es par l\u2019association.<\/li>\n\n\n\n<li>Des visites guid\u00e9es des expositions et du parcours d\u2019oeuvres.<\/li>\n<\/ul>\n<\/div><\/div>\n\n<\/div><\/div>","protected":false},"excerpt":{"rendered":"<p>Membership | Patronage The association Piac\u00e9 le radieux, B\u00e9zard - Le Corbusier is recognised as being of general interest. Any membership or donation is tax deductible. If you would like to support the association, you can do so online by clicking on one of the buttons below. Become a patron Piac\u00e9 le radieux, B\u00e9zard-Le Corbusier is an association under the 1901 law of general interest, eligible...<\/p>","protected":false},"author":2,"featured_media":0,"parent":0,"menu_order":0,"comment_status":"closed","ping_status":"closed","template":"","meta":{"_acf_changed":false,"_kad_blocks_custom_css":"","_kad_blocks_head_custom_js":"","_kad_blocks_body_custom_js":"","_kad_blocks_footer_custom_js":"","_kad_post_transparent":"","_kad_post_title":"","_kad_post_layout":"","_kad_post_sidebar_id":"","_kad_post_content_style":"","_kad_post_vertical_padding":"","_kad_post_feature":"","_kad_post_feature_position":"","_kad_post_header":false,"_kad_post_footer":false,"_kad_post_classname":"","footnotes":""},"class_list":["post-117","page","type-page","status-publish","hentry"],"acf":[],"taxonomy_info":[],"featured_image_src_large":false,"author_info":{"display_name":"manon","author_link":"https:\/\/piaceleradieux.com\/en\/author\/manon\/"},"comment_info":"","_links":{"self":[{"href":"https:\/\/piaceleradieux.com\/en\/wp-json\/wp\/v2\/pages\/117","targetHints":{"allow":["GET"]}}],"collection":[{"href":"https:\/\/piaceleradieux.com\/en\/wp-json\/wp\/v2\/pages"}],"about":[{"href":"https:\/\/piaceleradieux.com\/en\/wp-json\/wp\/v2\/types\/page"}],"author":[{"embeddable":true,"href":"https:\/\/piaceleradieux.com\/en\/wp-json\/wp\/v2\/users\/2"}],"replies":[{"embeddable":true,"href":"https:\/\/piaceleradieux.com\/en\/wp-json\/wp\/v2\/comments?post=117"}],"version-history":[{"count":4,"href":"https:\/\/piaceleradieux.com\/en\/wp-json\/wp\/v2\/pages\/117\/revisions"}],"predecessor-version":[{"id":1596,"href":"https:\/\/piaceleradieux.com\/en\/wp-json\/wp\/v2\/pages\/117\/revisions\/1596"}],"wp:attachment":[{"href":"https:\/\/piaceleradieux.com\/en\/wp-json\/wp\/v2\/media?parent=117"}],"curies":[{"name":"wp","href":"https:\/\/api.w.org\/{rel}","templated":true}]}}