{"id":115,"date":"2025-07-16T14:42:45","date_gmt":"2025-07-16T12:42:45","guid":{"rendered":"https:\/\/piaceleradieux.com\/?page_id=115"},"modified":"2025-09-16T08:50:14","modified_gmt":"2025-09-16T06:50:14","slug":"infos-pratiques","status":"publish","type":"page","link":"https:\/\/piaceleradieux.com\/en\/infos-pratiques\/","title":{"rendered":"PRACTICAL INFORMATION"},"content":{"rendered":"<style>.kb-row-layout-id115_ade8b8-e5 > .kt-row-column-wrap{align-content:start;}:where(.kb-row-layout-id115_ade8b8-e5 > .kt-row-column-wrap) > .wp-block-kadence-column{justify-content:start;}.kb-row-layout-id115_ade8b8-e5 > .kt-row-column-wrap{column-gap:var(--global-kb-gap-md, 2rem);row-gap:var(--global-kb-gap-md, 2rem);max-width:var( --global-content-width, 1290px );padding-left:var(--global-content-edge-padding);padding-right:var(--global-content-edge-padding);padding-top:var(--global-kb-spacing-sm, 1.5rem);padding-bottom:var(--global-kb-spacing-sm, 1.5rem);grid-template-columns:minmax(0, 1fr);}.kb-row-layout-id115_ade8b8-e5 > .kt-row-layout-overlay{opacity:0.30;}@media all and (max-width: 1024px){.kb-row-layout-id115_ade8b8-e5 > .kt-row-column-wrap{grid-template-columns:minmax(0, 1fr);}}@media all and (max-width: 767px){.kb-row-layout-id115_ade8b8-e5 > .kt-row-column-wrap{grid-template-columns:minmax(0, 1fr);}}<\/style><div class=\"kb-row-layout-wrap kb-row-layout-id115_ade8b8-e5 alignnone wp-block-kadence-rowlayout\"><div class=\"kt-row-column-wrap kt-has-1-columns kt-row-layout-equal kt-tab-layout-inherit kt-mobile-layout-row kt-row-valign-top kb-theme-content-width\">\n<style>.kadence-column115_b34a5b-59 > .kt-inside-inner-col,.kadence-column115_b34a5b-59 > .kt-inside-inner-col:before{border-top-left-radius:0px;border-top-right-radius:0px;border-bottom-right-radius:0px;border-bottom-left-radius:0px;}.kadence-column115_b34a5b-59 > .kt-inside-inner-col{column-gap:var(--global-kb-gap-sm, 1rem);}.kadence-column115_b34a5b-59 > .kt-inside-inner-col{flex-direction:column;}.kadence-column115_b34a5b-59 > .kt-inside-inner-col > .aligncenter{width:100%;}.kadence-column115_b34a5b-59 > .kt-inside-inner-col:before{opacity:0.3;}.kadence-column115_b34a5b-59{position:relative;}@media all and (max-width: 1024px){.kadence-column115_b34a5b-59 > .kt-inside-inner-col{flex-direction:column;justify-content:center;}}@media all and (max-width: 767px){.kadence-column115_b34a5b-59 > .kt-inside-inner-col{flex-direction:column;justify-content:center;}}<\/style>\n<div class=\"wp-block-kadence-column kadence-column115_b34a5b-59\"><div class=\"kt-inside-inner-col\"><style>.wp-block-kadence-advancedheading.kt-adv-heading115_d8d412-4c, .wp-block-kadence-advancedheading.kt-adv-heading115_d8d412-4c[data-kb-block=\"kb-adv-heading115_d8d412-4c\"]{font-size:var(--global-kb-font-size-xl, 3rem);font-style:normal;}.wp-block-kadence-advancedheading.kt-adv-heading115_d8d412-4c mark.kt-highlight, .wp-block-kadence-advancedheading.kt-adv-heading115_d8d412-4c[data-kb-block=\"kb-adv-heading115_d8d412-4c\"] mark.kt-highlight{font-style:normal;color:#f76a0c;-webkit-box-decoration-break:clone;box-decoration-break:clone;padding-top:0px;padding-right:0px;padding-bottom:0px;padding-left:0px;}.wp-block-kadence-advancedheading.kt-adv-heading115_d8d412-4c img.kb-inline-image, .wp-block-kadence-advancedheading.kt-adv-heading115_d8d412-4c[data-kb-block=\"kb-adv-heading115_d8d412-4c\"] img.kb-inline-image{width:150px;vertical-align:baseline;}<\/style>\n<h1 class=\"kt-adv-heading115_d8d412-4c wp-block-kadence-advancedheading\" data-kb-block=\"kb-adv-heading115_d8d412-4c\">Infos pratiques<\/h1>\n<\/div><\/div>\n\n<\/div><\/div>\n\n<style>.kb-row-layout-id115_fc0b58-42 > .kt-row-column-wrap{align-content:start;}:where(.kb-row-layout-id115_fc0b58-42 > .kt-row-column-wrap) > .wp-block-kadence-column{justify-content:start;}.kb-row-layout-id115_fc0b58-42 > .kt-row-column-wrap{column-gap:var(--global-kb-gap-md, 2rem);row-gap:var(--global-kb-gap-md, 2rem);max-width:var( --global-content-width, 1290px );padding-left:var(--global-content-edge-padding);padding-right:var(--global-content-edge-padding);padding-top:var(--global-kb-spacing-sm, 1.5rem);padding-bottom:var(--global-kb-spacing-sm, 1.5rem);grid-template-columns:minmax(0, 1fr);}.kb-row-layout-id115_fc0b58-42 > .kt-row-layout-overlay{opacity:0.30;}@media all and (max-width: 1024px){.kb-row-layout-id115_fc0b58-42 > .kt-row-column-wrap{grid-template-columns:minmax(0, 1fr);}}@media all and (max-width: 767px){.kb-row-layout-id115_fc0b58-42 > .kt-row-column-wrap{grid-template-columns:minmax(0, 1fr);}}<\/style><div class=\"kb-row-layout-wrap kb-row-layout-id115_fc0b58-42 alignnone wp-block-kadence-rowlayout\"><div class=\"kt-row-column-wrap kt-has-1-columns kt-row-layout-equal kt-tab-layout-inherit kt-mobile-layout-row kt-row-valign-top kb-theme-content-width\">\n<style>.kadence-column115_c94742-99 > .kt-inside-inner-col,.kadence-column115_c94742-99 > .kt-inside-inner-col:before{border-top-left-radius:0px;border-top-right-radius:0px;border-bottom-right-radius:0px;border-bottom-left-radius:0px;}.kadence-column115_c94742-99 > .kt-inside-inner-col{column-gap:var(--global-kb-gap-sm, 1rem);}.kadence-column115_c94742-99 > .kt-inside-inner-col{flex-direction:column;}.kadence-column115_c94742-99 > .kt-inside-inner-col > .aligncenter{width:100%;}.kadence-column115_c94742-99 > .kt-inside-inner-col:before{opacity:0.3;}.kadence-column115_c94742-99{position:relative;}@media all and (max-width: 1024px){.kadence-column115_c94742-99 > .kt-inside-inner-col{flex-direction:column;justify-content:center;}}@media all and (max-width: 767px){.kadence-column115_c94742-99 > .kt-inside-inner-col{flex-direction:column;justify-content:center;}}<\/style>\n<div class=\"wp-block-kadence-column kadence-column115_c94742-99\"><div class=\"kt-inside-inner-col\"><style>.kb-image115_a53d81-4d .kb-image-has-overlay:after{opacity:0.3;}<\/style>\n<figure class=\"wp-block-kadence-image kb-image115_a53d81-4d size-full\"><img loading=\"lazy\" decoding=\"async\" width=\"2560\" height=\"1825\" src=\"https:\/\/piaceleradieux.com\/wp-content\/uploads\/sites\/30\/2025\/07\/DSC00626.jpg\" alt=\"\" class=\"kb-img wp-image-1679\" srcset=\"https:\/\/piaceleradieux.com\/wp-content\/uploads\/sites\/30\/2025\/07\/DSC00626.jpg 2560w, https:\/\/piaceleradieux.com\/wp-content\/uploads\/sites\/30\/2025\/07\/DSC00626-300x214.jpg 300w, https:\/\/piaceleradieux.com\/wp-content\/uploads\/sites\/30\/2025\/07\/DSC00626-1024x730.jpg 1024w, https:\/\/piaceleradieux.com\/wp-content\/uploads\/sites\/30\/2025\/07\/DSC00626-768x548.jpg 768w, https:\/\/piaceleradieux.com\/wp-content\/uploads\/sites\/30\/2025\/07\/DSC00626-1536x1095.jpg 1536w, https:\/\/piaceleradieux.com\/wp-content\/uploads\/sites\/30\/2025\/07\/DSC00626-2048x1460.jpg 2048w, https:\/\/piaceleradieux.com\/wp-content\/uploads\/sites\/30\/2025\/07\/DSC00626-18x12.jpg 18w, https:\/\/piaceleradieux.com\/wp-content\/uploads\/sites\/30\/2025\/07\/DSC00626-1080x770.jpg 1080w\" sizes=\"auto, (max-width: 2560px) 100vw, 2560px\" \/><\/figure>\n<\/div><\/div>\n\n<\/div><\/div>\n\n<style>.kb-row-layout-id115_58696d-df > .kt-row-column-wrap{align-content:start;}:where(.kb-row-layout-id115_58696d-df > .kt-row-column-wrap) > .wp-block-kadence-column{justify-content:start;}.kb-row-layout-id115_58696d-df > .kt-row-column-wrap{column-gap:var(--global-kb-gap-md, 2rem);row-gap:var(--global-kb-gap-md, 2rem);max-width:var( --global-content-width, 1290px );padding-left:var(--global-content-edge-padding);padding-right:var(--global-content-edge-padding);padding-top:var(--global-kb-spacing-sm, 1.5rem);padding-bottom:var(--global-kb-spacing-xl, 4rem);grid-template-columns:repeat(2, minmax(0, 1fr));}.kb-row-layout-id115_58696d-df > .kt-row-layout-overlay{opacity:0.30;}@media all and (max-width: 1024px){.kb-row-layout-id115_58696d-df > .kt-row-column-wrap{grid-template-columns:repeat(2, minmax(0, 1fr));}}@media all and (max-width: 767px){.kb-row-layout-id115_58696d-df > .kt-row-column-wrap{grid-template-columns:minmax(0, 1fr);}}<\/style><div class=\"kb-row-layout-wrap kb-row-layout-id115_58696d-df alignnone wp-block-kadence-rowlayout\" id=\"contact\"><div class=\"kt-row-column-wrap kt-has-2-columns kt-row-layout-equal kt-tab-layout-inherit kt-mobile-layout-row kt-row-valign-top kb-theme-content-width\">\n<style>.kadence-column115_b5e0d4-68 > .kt-inside-inner-col,.kadence-column115_b5e0d4-68 > .kt-inside-inner-col:before{border-top-left-radius:0px;border-top-right-radius:0px;border-bottom-right-radius:0px;border-bottom-left-radius:0px;}.kadence-column115_b5e0d4-68 > .kt-inside-inner-col{column-gap:var(--global-kb-gap-sm, 1rem);}.kadence-column115_b5e0d4-68 > .kt-inside-inner-col{flex-direction:column;}.kadence-column115_b5e0d4-68 > .kt-inside-inner-col > .aligncenter{width:100%;}.kadence-column115_b5e0d4-68 > .kt-inside-inner-col:before{opacity:0.3;}.kadence-column115_b5e0d4-68{position:relative;}@media all and (max-width: 1024px){.kadence-column115_b5e0d4-68 > .kt-inside-inner-col{flex-direction:column;justify-content:center;}}@media all and (max-width: 767px){.kadence-column115_b5e0d4-68 > .kt-inside-inner-col{flex-direction:column;justify-content:center;}}<\/style>\n<div class=\"wp-block-kadence-column kadence-column115_b5e0d4-68\"><div class=\"kt-inside-inner-col\"><style>.wp-block-kadence-advancedheading.kt-adv-heading115_7df370-4f, .wp-block-kadence-advancedheading.kt-adv-heading115_7df370-4f[data-kb-block=\"kb-adv-heading115_7df370-4f\"]{font-style:normal;}.wp-block-kadence-advancedheading.kt-adv-heading115_7df370-4f mark.kt-highlight, .wp-block-kadence-advancedheading.kt-adv-heading115_7df370-4f[data-kb-block=\"kb-adv-heading115_7df370-4f\"] mark.kt-highlight{font-style:normal;color:#f76a0c;-webkit-box-decoration-break:clone;box-decoration-break:clone;padding-top:0px;padding-right:0px;padding-bottom:0px;padding-left:0px;}.wp-block-kadence-advancedheading.kt-adv-heading115_7df370-4f img.kb-inline-image, .wp-block-kadence-advancedheading.kt-adv-heading115_7df370-4f[data-kb-block=\"kb-adv-heading115_7df370-4f\"] img.kb-inline-image{width:150px;vertical-align:baseline;}<\/style>\n<h2 class=\"kt-adv-heading115_7df370-4f wp-block-kadence-advancedheading\" data-kb-block=\"kb-adv-heading115_7df370-4f\">Acc\u00e8s<\/h2>\n\n\n\n<h5 class=\"wp-block-heading\"><strong>Association Piac\u00e9 le radieux B\u00e9zard \u2013 Le Corbusier<\/strong><\/h5>\n\n\n\n<p>Moulin de Blaireau<br>Rue de l\u2019\u00e9glise<br>72170 Piac\u00e9<\/p>\n\n\n\n<p><strong>Renseignements<\/strong><br>02 43 33 47 97 \/ 06 81 30 45 48<br><a href=\"mailto:contact@piaceleradieux.com\">contact@piaceleradieux.com<\/a><\/p>\n\n\n\n<h2 class=\"wp-block-heading\">Horaires &amp; Tarifs<\/h2>\n\n\n\n<h5 class=\"wp-block-heading\"><strong>Espace B\u00e9zard \u2013 Le Corbusier<\/strong><\/h5>\n\n\n\n<p><br>Exposition \u00ab La Ferme radieuse et le village coop\u00e9ratif \u00bb&nbsp;<br><br><strong>Ouvertures<\/strong><br>Les Samedis &amp; Dimanches 14:30-18:00 pendant les expositions temporaires.<br>Et sur rdv d\u2019Avril \u00e0 Octobre en dehors des heures d\u2019ouverture.<br><br><strong>Fermeture<\/strong><br>Ao\u00fbt 2025.  Possibilit\u00e9 d&rsquo;ouvrir sur rdv.<br><br>Prise de rendez-vous au minimum 24h \u00e0 l\u2019avance&nbsp;<\/p>\n\n\n\n<p><strong>Tarifs<\/strong><br>Plein 5 \u20ac \/ R\u00e9duit 3 \u20ac \/ Adh\u00e9rents Gratuit<\/p>\n\n\n\n<h5 class=\"wp-block-heading\"><strong>Expositions temporaires<\/strong><\/h5>\n\n\n\n<p><br>Printemps\/Et\u00e9\/Automne Samedi et dimanche 14:30-18:00 et sur rendez-vous en semaine.<br><br>Prise de rendez-vous au minimum 24h \u00e0 l\u2019avance&nbsp;<\/p>\n\n\n\n<p><strong>Tarifs<\/strong><br>Gratuit<\/p>\n\n\n\n<h5 class=\"wp-block-heading\"><strong>Parcours d\u2019art contemporain<\/strong><\/h5>\n\n\n\n<p><br>Visite libre toute l\u2019ann\u00e9e (hors lieux priv\u00e9s ouverts uniquement pendant les expositions temporaires, voir plan du parcours)<\/p>\n\n\n\n<p><strong>T\u00e9l\u00e9chargement<\/strong><br><a href=\"https:\/\/piaceleradieux.com\/wp-content\/uploads\/sites\/30\/2025\/07\/PiacePlanParcours2024-A4-Verso.jpg\" target=\"_blank\" rel=\"noreferrer noopener\">Afficher et enregistrer le plan du parcours d\u2019\u0153uvres<\/a><\/p>\n\n\n\n<p><strong>Visite comment\u00e9e du site<\/strong><br>D\u2019avril \u00e0 octobre sur rdv<br>Groupe uniquement minimum 10 pers. \/ maximum 25 pers.&nbsp;<br>Tarif: 7 \u20ac par pers.<\/p>\n\n\n\n<h2 class=\"wp-block-heading\">H\u00e9bergements et restaurations&nbsp;<\/h2>\n\n\n\n<p><a href=\"https:\/\/www.tourisme-alpesmancelles.fr\/envie-de-sejourner\/ou-dormir\/\" target=\"_blank\" rel=\"noreferrer noopener\">Office de tourisme des Alpes Mancelles<\/a><\/p>\n\n\n\n<p>Le Relais des Renards \u00e0 Piac\u00e9<br>09 81 11 70 15&nbsp;<a href=\"https:\/\/www.facebook.com\/Le-Relais-des-Renards-687218105461773\/\" target=\"_blank\" rel=\"noreferrer noopener\">https:\/\/www.facebook.com\/Le-Relais-des-Renards-687218105461773\/<\/a><\/p>\n\n\n\n<h2 class=\"wp-block-heading\">Lieux culturels alentours<\/h2>\n\n\n\n<p><a href=\"https:\/\/www.commune-fye.fr\/le-jardin-dart-brut\/\" target=\"_blank\" rel=\"noreferrer noopener\">Jardin d\u2019art brut Fernand Ch\u00e2telain<\/a><br><a href=\"http:\/\/www.gaston-floquet.org\/\" target=\"_blank\" rel=\"noreferrer noopener\">La maison de Gaston Floquet<\/a><br><a href=\"http:\/\/www.bainsdouches.net\/\" target=\"_blank\" rel=\"noreferrer noopener\">Les Bains-Douches<\/a><\/p>\n<\/div><\/div>\n\n\n<style>.kadence-column115_6a0164-b1 > .kt-inside-inner-col,.kadence-column115_6a0164-b1 > .kt-inside-inner-col:before{border-top-left-radius:0px;border-top-right-radius:0px;border-bottom-right-radius:0px;border-bottom-left-radius:0px;}.kadence-column115_6a0164-b1 > .kt-inside-inner-col{column-gap:var(--global-kb-gap-sm, 1rem);}.kadence-column115_6a0164-b1 > .kt-inside-inner-col{flex-direction:column;}.kadence-column115_6a0164-b1 > .kt-inside-inner-col > .aligncenter{width:100%;}.kadence-column115_6a0164-b1 > .kt-inside-inner-col:before{opacity:0.3;}.kadence-column115_6a0164-b1{position:relative;}@media all and (max-width: 1024px){.kadence-column115_6a0164-b1 > .kt-inside-inner-col{flex-direction:column;justify-content:center;}}@media all and (max-width: 767px){.kadence-column115_6a0164-b1 > .kt-inside-inner-col{flex-direction:column;justify-content:center;}}<\/style>\n<div class=\"wp-block-kadence-column kadence-column115_6a0164-b1\"><div class=\"kt-inside-inner-col\"><\/div><\/div>\n\n<\/div><\/div>","protected":false},"excerpt":{"rendered":"<p>Practical information Access Association Piac\u00e9 le radieux B\u00e9zard - Le Corbusier Moulin de BlaireauRue de l'\u00e9glise72170 Piac\u00e9 Information02 43 33 47 97 \/ 06 81 30 45 48contact@piaceleradieux.com Opening times &amp; Admission Espace B\u00e9zard - Le Corbusier Exhibition \"La Ferme radieuse et le village coop\u00e9ratif\" OpenSaturdays &amp; Sundays 14:30-18:00 during temporary exhibitions.et...<\/p>","protected":false},"author":2,"featured_media":0,"parent":0,"menu_order":0,"comment_status":"closed","ping_status":"closed","template":"","meta":{"_acf_changed":false,"_kad_blocks_custom_css":"","_kad_blocks_head_custom_js":"","_kad_blocks_body_custom_js":"","_kad_blocks_footer_custom_js":"","_kad_post_transparent":"","_kad_post_title":"","_kad_post_layout":"","_kad_post_sidebar_id":"","_kad_post_content_style":"","_kad_post_vertical_padding":"","_kad_post_feature":"","_kad_post_feature_position":"","_kad_post_header":false,"_kad_post_footer":false,"_kad_post_classname":"","footnotes":""},"class_list":["post-115","page","type-page","status-publish","hentry"],"acf":[],"taxonomy_info":[],"featured_image_src_large":false,"author_info":{"display_name":"manon","author_link":"https:\/\/piaceleradieux.com\/en\/author\/manon\/"},"comment_info":"","_links":{"self":[{"href":"https:\/\/piaceleradieux.com\/en\/wp-json\/wp\/v2\/pages\/115","targetHints":{"allow":["GET"]}}],"collection":[{"href":"https:\/\/piaceleradieux.com\/en\/wp-json\/wp\/v2\/pages"}],"about":[{"href":"https:\/\/piaceleradieux.com\/en\/wp-json\/wp\/v2\/types\/page"}],"author":[{"embeddable":true,"href":"https:\/\/piaceleradieux.com\/en\/wp-json\/wp\/v2\/users\/2"}],"replies":[{"embeddable":true,"href":"https:\/\/piaceleradieux.com\/en\/wp-json\/wp\/v2\/comments?post=115"}],"version-history":[{"count":10,"href":"https:\/\/piaceleradieux.com\/en\/wp-json\/wp\/v2\/pages\/115\/revisions"}],"predecessor-version":[{"id":3428,"href":"https:\/\/piaceleradieux.com\/en\/wp-json\/wp\/v2\/pages\/115\/revisions\/3428"}],"wp:attachment":[{"href":"https:\/\/piaceleradieux.com\/en\/wp-json\/wp\/v2\/media?parent=115"}],"curies":[{"name":"wp","href":"https:\/\/api.w.org\/{rel}","templated":true}]}}